{"id":12023,"date":"2023-03-09T09:07:07","date_gmt":"2023-03-09T09:07:07","guid":{"rendered":"https:\/\/maaelumuuseumid.ee\/?page_id=12023"},"modified":"2025-10-09T06:26:20","modified_gmt":"2025-10-09T06:26:20","slug":"erasmus","status":"publish","type":"page","link":"https:\/\/maaelumuuseumid.ee\/en\/erasmus\/","title":{"rendered":"ERASMUS+"},"content":{"rendered":"<div id=\"pl-12023\"  class=\"panel-layout\" ><div id=\"pg-12023-0\"  class=\"panel-grid panel-no-style\" ><div id=\"pgc-12023-0-0\"  class=\"panel-grid-cell\" ><div id=\"panel-12023-0-0-0\" class=\"so-panel widget widget_sow-editor panel-first-child panel-last-child\" data-index=\"0\" ><div class=\"so-widget-sow-editor so-widget-sow-editor-base\">\n<div class=\"siteorigin-widget-tinymce textwidget\">\n\t<p><strong>Baltic Green Leadership: VET Students as Agents of Change<\/strong><\/p>\n<p>To ensure a better and greener future, it is necessary to take action now. Based on the data from EU Commission, applying circular economy measures in Europe can increase the EU\u2019s GDP by an additional 0.5% by 2030 and create around 700,000 new jobs. It is clear that the VET sector will greatly contribute to achieving this number. But also, VET will contribute to reskilling and upskilling, and adapting VET teaching and training content to changing skills needs in existing industries.<br \/>\nThe project\u00b4s\u00a0 aim is to promote VET role and leadership in green transition.<\/p>\n<p><strong>The overall objectives of the project are:<\/strong><br \/>\n1. To develop innovative approaches in VET by introducing new teaching and learning methods for skills development for the need of economy, society and labour market.<br \/>\n2. To address environmental and climate challenges by developing green competences of VET teachers, trainers and managers and green and transversal skills of VET students.<\/p>\n<p><strong>The specific objectives of the project are:<\/strong><\/p>\n<ul>\n<li>to learn about green transition in Baltic region; collect examples of best practices of green technology or circular<br \/>\neconomy in the Baltic region;<\/li>\n<li>to develop and pilot training program for VET teachers, trainers and managers;<\/li>\n<li>to test the innovative teaching and learning approaches for acquiring green skills at VET schools;<\/li>\n<li>to promote sustainability of the Green Leadership training program for VET teachers and managers, and innovative teaching and learning approaches.<\/li>\n<\/ul>\n<p><strong>Partners:<\/strong><br \/>\nLatvian Chamber of Commerce and Industry (LV)<br \/>\nBaltic Bright (LV)<br \/>\nVidzeme Technology and Design Vocational School (LV)<br \/>\nVocational Education and Training Center \u017dirm\u016bnai (LT)<br \/>\nSykli (FI)<br \/>\nTartu Vocational College (EE)<br \/>\nThe Estonian Agricultural Museum (EE)<\/p>\n<p><strong>Duration:<\/strong><br \/>\n01.11.2022 \u2013 31.10.2025<\/p>\n<p>&nbsp;<\/p>\n<p><a href=\"https:\/\/maaelumuuseumid.ee\/wp-content\/uploads\/2025\/10\/Green-Leadership-Newsletter-no.4_Final.pdf\" target=\"_blank\" rel=\"noopener\">Read the Erasmus+ newsletter which also covers the international conference \"Cultivating Green Skills\".<\/a><\/p>\n<p>&nbsp;<\/p>\n<p><strong>International Green Hackton in Riga in April 2025:<\/strong><\/p>\n<p>International Green Hackton was organized for students from Latvia, Estonia, and Lithuania in April 2025 in Riga. The hackathon was hosted by the Latvian Chamber of Commerce and Industry. Among the mentors were Ilze Salnaja-V\u00e4rv, Head of Exhibitions and Education, and Laura R\u00e4mman, Events and Marketing Specialist.<\/p>\n<p><a href=\"https:\/\/youtu.be\/O1-7itMbyHA?feature=shared\" target=\"_blank\" rel=\"noopener\">Video summary here.<\/a><\/p>\n<p>&nbsp;<\/p>\n<p>Responsible for the project<br \/>\nIlze Salnaja-V\u00e4rv (<a href=\"mailto:ilze.salnaja-varv@memu.ee\">ilze.salnaja-varv@memu.ee<\/a>)<\/p>\n<p><img loading=\"lazy\" decoding=\"async\" width=\"300\" height=\"61\" class=\"alignnone size-medium wp-image-12012\" src=\"https:\/\/maaelumuuseumid.ee\/wp-content\/uploads\/2023\/03\/Erasmus-logo-300x61.png\" alt=\"\" srcset=\"https:\/\/maaelumuuseumid.ee\/wp-content\/uploads\/2023\/03\/Erasmus-logo-300x61.png 300w, https:\/\/maaelumuuseumid.ee\/wp-content\/uploads\/2023\/03\/Erasmus-logo-1024x209.png 1024w, https:\/\/maaelumuuseumid.ee\/wp-content\/uploads\/2023\/03\/Erasmus-logo-768x156.png 768w, https:\/\/maaelumuuseumid.ee\/wp-content\/uploads\/2023\/03\/Erasmus-logo-1536x313.png 1536w, https:\/\/maaelumuuseumid.ee\/wp-content\/uploads\/2023\/03\/Erasmus-logo-958x195.png 958w, https:\/\/maaelumuuseumid.ee\/wp-content\/uploads\/2023\/03\/Erasmus-logo-600x122.png 600w, https:\/\/maaelumuuseumid.ee\/wp-content\/uploads\/2023\/03\/Erasmus-logo.png 1758w\" sizes=\"(max-width: 300px) 100vw, 300px\" \/><\/p>\n<p><img loading=\"lazy\" decoding=\"async\" width=\"300\" height=\"111\" class=\"alignnone size-medium wp-image-12015\" src=\"https:\/\/maaelumuuseumid.ee\/wp-content\/uploads\/2023\/03\/GL_logo_final_PNG_v2-01-300x111.png\" alt=\"\" srcset=\"https:\/\/maaelumuuseumid.ee\/wp-content\/uploads\/2023\/03\/GL_logo_final_PNG_v2-01-300x111.png 300w, https:\/\/maaelumuuseumid.ee\/wp-content\/uploads\/2023\/03\/GL_logo_final_PNG_v2-01-1024x379.png 1024w, https:\/\/maaelumuuseumid.ee\/wp-content\/uploads\/2023\/03\/GL_logo_final_PNG_v2-01-768x284.png 768w, https:\/\/maaelumuuseumid.ee\/wp-content\/uploads\/2023\/03\/GL_logo_final_PNG_v2-01-1536x569.png 1536w, https:\/\/maaelumuuseumid.ee\/wp-content\/uploads\/2023\/03\/GL_logo_final_PNG_v2-01-2048x759.png 2048w, https:\/\/maaelumuuseumid.ee\/wp-content\/uploads\/2023\/03\/GL_logo_final_PNG_v2-01-958x355.png 958w, https:\/\/maaelumuuseumid.ee\/wp-content\/uploads\/2023\/03\/GL_logo_final_PNG_v2-01-600x222.png 600w\" sizes=\"(max-width: 300px) 100vw, 300px\" \/><\/p>\n<p><strong><a href=\"https:\/\/ec.europa.eu\/regional_policy\/information-sources\/logo-download-center_en\">https:\/\/ec.europa.eu\/regional_policy\/information-sources\/logo-download-center_en<\/a> \u00a0(Co-funded by the European Union) + Green Leadership+Erasmus+ <\/strong><\/p>\n<\/div>\n<\/div><\/div><\/div><\/div><\/div>","protected":false},"excerpt":{"rendered":"<p>Baltic Green Leadership: VET Students as Agents of Change To ensure a better and greener future, it is necessary to take action now. Based on the data from EU Commission, applying circular economy measures in Europe can increase the EU\u2019s GDP by an additional 0.5% by 2030 and create around 700,000 new jobs. It is clear that the VET sector will greatly contribute to achieving this number. But also, VET will contribute to reskilling and upskilling, and adapting VET teaching and training content to changing skills needs in existing industries. The project\u00b4s\u00a0 aim is to promote VET role and leadership in green transition. The overall objectives of the project are: 1. To develop innovative approaches in VET by introducing new teaching and learning methods for skills development for the need of economy, society and labour market. 2. To address environmental and climate challenges by developing green competences of VET teachers, trainers and managers and green and transversal skills of VET students. The specific objectives of the project are: to learn about green transition in Baltic region; collect examples of best practices of green technology or circular economy in the Baltic region; to develop and pilot training program for VET teachers, trainers and managers; to test the innovative teaching and learning approaches for acquiring green skills at VET schools; to promote sustainability of the Green Leadership training program for VET teachers and managers, and innovative teaching and learning approaches. Partners: Latvian Chamber of Commerce and Industry (LV) Baltic Bright (LV) Vidzeme Technology and Design Vocational School (LV) Vocational Education and Training Center \u017dirm\u016bnai (LT) Sykli (FI) Tartu Vocational College (EE) The Estonian Agricultural Museum (EE) Duration: 01.11.2022 \u2013 31.10.2025 &nbsp; Read the Erasmus+ newsletter which also covers the international conference &#8220;Cultivating Green Skills&#8221;. &nbsp; International Green Hackton in Riga in April 2025: International Green Hackton was organized for students from Latvia, Estonia, and Lithuania in April 2025 in Riga. The hackathon was hosted by the Latvian Chamber of Commerce and Industry. Among the mentors were Ilze Salnaja-V\u00e4rv, Head of Exhibitions and Education, and Laura R\u00e4mman, Events and Marketing Specialist. Video summary here. &nbsp; Responsible for the project Ilze Salnaja-V\u00e4rv (ilze.salnaja-varv@memu.ee) https:\/\/ec.europa.eu\/regional_policy\/information-sources\/logo-download-center_en \u00a0(Co-funded by the European Union) + Green Leadership+Erasmus+<\/p>\n","protected":false},"author":7,"featured_media":0,"parent":0,"menu_order":0,"comment_status":"closed","ping_status":"closed","template":"","meta":{"_acf_changed":false,"footnotes":""},"class_list":["post-12023","page","type-page","status-publish","hentry"],"acf":[],"yoast_head":"<!-- This site is optimized with the Yoast SEO plugin v23.6 - https:\/\/yoast.com\/wordpress\/plugins\/seo\/ -->\n<title>ERASMUS+ - Eesti Maaelumuuseumid<\/title>\n<meta name=\"robots\" content=\"index, follow, max-snippet:-1, max-image-preview:large, max-video-preview:-1\" \/>\n<link rel=\"canonical\" href=\"https:\/\/maaelumuuseumid.ee\/en\/erasmus\/\" \/>\n<meta property=\"og:locale\" content=\"en_US\" \/>\n<meta property=\"og:type\" content=\"article\" \/>\n<meta property=\"og:title\" content=\"ERASMUS+ - Eesti Maaelumuuseumid\" \/>\n<meta property=\"og:description\" content=\"Baltic Green Leadership: VET Students as Agents of Change To ensure a better and greener future, it is necessary to take action now. Based on the data from EU Commission, applying circular economy measures in Europe can increase the EU\u2019s GDP by an additional 0.5% by 2030 and create around 700,000 new jobs. It is clear that the VET sector will greatly contribute to achieving this number. But also, VET will contribute to reskilling and upskilling, and adapting VET teaching and training content to changing skills needs in existing industries. The project\u00b4s\u00a0 aim is to promote VET role and leadership in green transition. The overall objectives of the project are: 1. To develop innovative approaches in VET by introducing new teaching and learning methods for skills development for the need of economy, society and labour market. 2. To address environmental and climate challenges by developing green competences of VET teachers, trainers and managers and green and transversal skills of VET students. The specific objectives of the project are: to learn about green transition in Baltic region; collect examples of best practices of green technology or circular economy in the Baltic region; to develop and pilot training program for VET teachers, trainers and managers; to test the innovative teaching and learning approaches for acquiring green skills at VET schools; to promote sustainability of the Green Leadership training program for VET teachers and managers, and innovative teaching and learning approaches. Partners: Latvian Chamber of Commerce and Industry (LV) Baltic Bright (LV) Vidzeme Technology and Design Vocational School (LV) Vocational Education and Training Center \u017dirm\u016bnai (LT) Sykli (FI) Tartu Vocational College (EE) The Estonian Agricultural Museum (EE) Duration: 01.11.2022 \u2013 31.10.2025 &nbsp; Read the Erasmus+ newsletter which also covers the international conference &quot;Cultivating Green Skills&quot;. &nbsp; International Green Hackton in Riga in April 2025: International Green Hackton was organized for students from Latvia, Estonia, and Lithuania in April 2025 in Riga. The hackathon was hosted by the Latvian Chamber of Commerce and Industry. Among the mentors were Ilze Salnaja-V\u00e4rv, Head of Exhibitions and Education, and Laura R\u00e4mman, Events and Marketing Specialist. Video summary here. &nbsp; Responsible for the project Ilze Salnaja-V\u00e4rv (ilze.salnaja-varv@memu.ee) https:\/\/ec.europa.eu\/regional_policy\/information-sources\/logo-download-center_en \u00a0(Co-funded by the European Union) + Green Leadership+Erasmus+\" \/>\n<meta property=\"og:url\" content=\"https:\/\/maaelumuuseumid.ee\/en\/erasmus\/\" \/>\n<meta property=\"og:site_name\" content=\"Eesti Maaelumuuseumid\" \/>\n<meta property=\"article:modified_time\" content=\"2025-10-09T06:26:20+00:00\" \/>\n<meta property=\"og:image\" content=\"https:\/\/maaelumuuseumid.ee\/wp-content\/uploads\/2023\/03\/Erasmus-logo.png\" \/>\n\t<meta property=\"og:image:width\" content=\"1758\" \/>\n\t<meta property=\"og:image:height\" content=\"358\" \/>\n\t<meta property=\"og:image:type\" content=\"image\/png\" \/>\n<meta name=\"twitter:card\" content=\"summary_large_image\" \/>\n<meta name=\"twitter:label1\" content=\"Est. reading time\" \/>\n\t<meta name=\"twitter:data1\" content=\"4 minutes\" \/>\n<script type=\"application\/ld+json\" class=\"yoast-schema-graph\">{\"@context\":\"https:\/\/schema.org\",\"@graph\":[{\"@type\":\"WebPage\",\"@id\":\"https:\/\/maaelumuuseumid.ee\/en\/erasmus\/\",\"url\":\"https:\/\/maaelumuuseumid.ee\/en\/erasmus\/\",\"name\":\"ERASMUS+ - Eesti Maaelumuuseumid\",\"isPartOf\":{\"@id\":\"https:\/\/maaelumuuseumid.ee\/#website\"},\"primaryImageOfPage\":{\"@id\":\"https:\/\/maaelumuuseumid.ee\/en\/erasmus\/#primaryimage\"},\"image\":{\"@id\":\"https:\/\/maaelumuuseumid.ee\/en\/erasmus\/#primaryimage\"},\"thumbnailUrl\":\"https:\/\/maaelumuuseumid.ee\/wp-content\/uploads\/2023\/03\/Erasmus-logo-300x61.png\",\"datePublished\":\"2023-03-09T09:07:07+00:00\",\"dateModified\":\"2025-10-09T06:26:20+00:00\",\"breadcrumb\":{\"@id\":\"https:\/\/maaelumuuseumid.ee\/en\/erasmus\/#breadcrumb\"},\"inLanguage\":\"en-US\",\"potentialAction\":[{\"@type\":\"ReadAction\",\"target\":[\"https:\/\/maaelumuuseumid.ee\/en\/erasmus\/\"]}]},{\"@type\":\"ImageObject\",\"inLanguage\":\"en-US\",\"@id\":\"https:\/\/maaelumuuseumid.ee\/en\/erasmus\/#primaryimage\",\"url\":\"https:\/\/maaelumuuseumid.ee\/wp-content\/uploads\/2023\/03\/Erasmus-logo-300x61.png\",\"contentUrl\":\"https:\/\/maaelumuuseumid.ee\/wp-content\/uploads\/2023\/03\/Erasmus-logo-300x61.png\"},{\"@type\":\"BreadcrumbList\",\"@id\":\"https:\/\/maaelumuuseumid.ee\/en\/erasmus\/#breadcrumb\",\"itemListElement\":[{\"@type\":\"ListItem\",\"position\":1,\"name\":\"Home\",\"item\":\"https:\/\/maaelumuuseumid.ee\/en\/\"},{\"@type\":\"ListItem\",\"position\":2,\"name\":\"ERASMUS+\"}]},{\"@type\":\"WebSite\",\"@id\":\"https:\/\/maaelumuuseumid.ee\/#website\",\"url\":\"https:\/\/maaelumuuseumid.ee\/\",\"name\":\"Eesti Maaelumuuseumid\",\"description\":\"Estonian Agricultural Museum, Farm Museum of Carl Robert Jakobson, Tori Stud\",\"potentialAction\":[{\"@type\":\"SearchAction\",\"target\":{\"@type\":\"EntryPoint\",\"urlTemplate\":\"https:\/\/maaelumuuseumid.ee\/?s={search_term_string}\"},\"query-input\":{\"@type\":\"PropertyValueSpecification\",\"valueRequired\":true,\"valueName\":\"search_term_string\"}}],\"inLanguage\":\"en-US\"}]}<\/script>\n<!-- \/ Yoast SEO plugin. -->","yoast_head_json":{"title":"ERASMUS+ - Eesti Maaelumuuseumid","robots":{"index":"index","follow":"follow","max-snippet":"max-snippet:-1","max-image-preview":"max-image-preview:large","max-video-preview":"max-video-preview:-1"},"canonical":"https:\/\/maaelumuuseumid.ee\/en\/erasmus\/","og_locale":"en_US","og_type":"article","og_title":"ERASMUS+ - Eesti Maaelumuuseumid","og_description":"Baltic Green Leadership: VET Students as Agents of Change To ensure a better and greener future, it is necessary to take action now. Based on the data from EU Commission, applying circular economy measures in Europe can increase the EU\u2019s GDP by an additional 0.5% by 2030 and create around 700,000 new jobs. It is clear that the VET sector will greatly contribute to achieving this number. But also, VET will contribute to reskilling and upskilling, and adapting VET teaching and training content to changing skills needs in existing industries. The project\u00b4s\u00a0 aim is to promote VET role and leadership in green transition. The overall objectives of the project are: 1. To develop innovative approaches in VET by introducing new teaching and learning methods for skills development for the need of economy, society and labour market. 2. To address environmental and climate challenges by developing green competences of VET teachers, trainers and managers and green and transversal skills of VET students. The specific objectives of the project are: to learn about green transition in Baltic region; collect examples of best practices of green technology or circular economy in the Baltic region; to develop and pilot training program for VET teachers, trainers and managers; to test the innovative teaching and learning approaches for acquiring green skills at VET schools; to promote sustainability of the Green Leadership training program for VET teachers and managers, and innovative teaching and learning approaches. Partners: Latvian Chamber of Commerce and Industry (LV) Baltic Bright (LV) Vidzeme Technology and Design Vocational School (LV) Vocational Education and Training Center \u017dirm\u016bnai (LT) Sykli (FI) Tartu Vocational College (EE) The Estonian Agricultural Museum (EE) Duration: 01.11.2022 \u2013 31.10.2025 &nbsp; Read the Erasmus+ newsletter which also covers the international conference \"Cultivating Green Skills\". &nbsp; International Green Hackton in Riga in April 2025: International Green Hackton was organized for students from Latvia, Estonia, and Lithuania in April 2025 in Riga. The hackathon was hosted by the Latvian Chamber of Commerce and Industry. Among the mentors were Ilze Salnaja-V\u00e4rv, Head of Exhibitions and Education, and Laura R\u00e4mman, Events and Marketing Specialist. Video summary here. &nbsp; Responsible for the project Ilze Salnaja-V\u00e4rv (ilze.salnaja-varv@memu.ee) https:\/\/ec.europa.eu\/regional_policy\/information-sources\/logo-download-center_en \u00a0(Co-funded by the European Union) + Green Leadership+Erasmus+","og_url":"https:\/\/maaelumuuseumid.ee\/en\/erasmus\/","og_site_name":"Eesti Maaelumuuseumid","article_modified_time":"2025-10-09T06:26:20+00:00","og_image":[{"width":1758,"height":358,"url":"https:\/\/maaelumuuseumid.ee\/wp-content\/uploads\/2023\/03\/Erasmus-logo.png","type":"image\/png"}],"twitter_card":"summary_large_image","twitter_misc":{"Est. reading time":"4 minutes"},"schema":{"@context":"https:\/\/schema.org","@graph":[{"@type":"WebPage","@id":"https:\/\/maaelumuuseumid.ee\/en\/erasmus\/","url":"https:\/\/maaelumuuseumid.ee\/en\/erasmus\/","name":"ERASMUS+ - Eesti Maaelumuuseumid","isPartOf":{"@id":"https:\/\/maaelumuuseumid.ee\/#website"},"primaryImageOfPage":{"@id":"https:\/\/maaelumuuseumid.ee\/en\/erasmus\/#primaryimage"},"image":{"@id":"https:\/\/maaelumuuseumid.ee\/en\/erasmus\/#primaryimage"},"thumbnailUrl":"https:\/\/maaelumuuseumid.ee\/wp-content\/uploads\/2023\/03\/Erasmus-logo-300x61.png","datePublished":"2023-03-09T09:07:07+00:00","dateModified":"2025-10-09T06:26:20+00:00","breadcrumb":{"@id":"https:\/\/maaelumuuseumid.ee\/en\/erasmus\/#breadcrumb"},"inLanguage":"en-US","potentialAction":[{"@type":"ReadAction","target":["https:\/\/maaelumuuseumid.ee\/en\/erasmus\/"]}]},{"@type":"ImageObject","inLanguage":"en-US","@id":"https:\/\/maaelumuuseumid.ee\/en\/erasmus\/#primaryimage","url":"https:\/\/maaelumuuseumid.ee\/wp-content\/uploads\/2023\/03\/Erasmus-logo-300x61.png","contentUrl":"https:\/\/maaelumuuseumid.ee\/wp-content\/uploads\/2023\/03\/Erasmus-logo-300x61.png"},{"@type":"BreadcrumbList","@id":"https:\/\/maaelumuuseumid.ee\/en\/erasmus\/#breadcrumb","itemListElement":[{"@type":"ListItem","position":1,"name":"Home","item":"https:\/\/maaelumuuseumid.ee\/en\/"},{"@type":"ListItem","position":2,"name":"ERASMUS+"}]},{"@type":"WebSite","@id":"https:\/\/maaelumuuseumid.ee\/#website","url":"https:\/\/maaelumuuseumid.ee\/","name":"Eesti Maaelumuuseumid","description":"Estonian Agricultural Museum, Farm Museum of Carl Robert Jakobson, Tori Stud","potentialAction":[{"@type":"SearchAction","target":{"@type":"EntryPoint","urlTemplate":"https:\/\/maaelumuuseumid.ee\/?s={search_term_string}"},"query-input":{"@type":"PropertyValueSpecification","valueRequired":true,"valueName":"search_term_string"}}],"inLanguage":"en-US"}]}},"post_mailing_queue_ids":[],"_links":{"self":[{"href":"https:\/\/maaelumuuseumid.ee\/en\/wp-json\/wp\/v2\/pages\/12023"}],"collection":[{"href":"https:\/\/maaelumuuseumid.ee\/en\/wp-json\/wp\/v2\/pages"}],"about":[{"href":"https:\/\/maaelumuuseumid.ee\/en\/wp-json\/wp\/v2\/types\/page"}],"author":[{"embeddable":true,"href":"https:\/\/maaelumuuseumid.ee\/en\/wp-json\/wp\/v2\/users\/7"}],"replies":[{"embeddable":true,"href":"https:\/\/maaelumuuseumid.ee\/en\/wp-json\/wp\/v2\/comments?post=12023"}],"version-history":[{"count":6,"href":"https:\/\/maaelumuuseumid.ee\/en\/wp-json\/wp\/v2\/pages\/12023\/revisions"}],"predecessor-version":[{"id":16729,"href":"https:\/\/maaelumuuseumid.ee\/en\/wp-json\/wp\/v2\/pages\/12023\/revisions\/16729"}],"wp:attachment":[{"href":"https:\/\/maaelumuuseumid.ee\/en\/wp-json\/wp\/v2\/media?parent=12023"}],"curies":[{"name":"wp","href":"https:\/\/api.w.org\/{rel}","templated":true}]}}